{"id":1404,"date":"2021-05-29T09:03:12","date_gmt":"2021-05-29T12:03:12","guid":{"rendered":"http:\/\/nishadalar.org\/?page_id=1404"},"modified":"2021-09-13T08:46:24","modified_gmt":"2021-09-13T11:46:24","slug":"kisisel-veri-koruma-kanunu-aydinlatma-metinleri","status":"publish","type":"page","link":"http:\/\/nishadalar.org\/?page_id=1404","title":{"rendered":"K\u0130\u015e\u0130SEL VER\u0130 KORUMA KANUNU AYDINLATMA MET\u0130NLER\u0130"},"content":{"rendered":"\n<p>\u0130nternet sitesi \u00e7erez ayd\u0131nlatma metni i\u00e7in <a rel=\"noreferrer noopener\" href=\"http:\/\/nishadalar.org\/wp-content\/uploads\/2021\/05\/15.-Internet-Sitesi-Cerez-Aydinlatma-Metni-NISH-ADALAR.pdf\" target=\"_blank\">t\u0131klay\u0131n\u0131z.<\/a><\/p>\n\n\n\n<p>Nish Adalar Site Y\u00f6netimi Covid 19 ile m\u00fccadele kapsam\u0131nda i\u015flenen ki\u015fisel veri ayd\u0131nlatma metnine ula\u015fmak i\u00e7in <a href=\"http:\/\/nishadalar.org\/wp-content\/uploads\/2021\/09\/ASI-COVID-19-KVKK-AYDINLANMA-BEYANI.pdf\" data-type=\"URL\" data-id=\"http:\/\/nishadalar.org\/wp-content\/uploads\/2021\/09\/ASI-COVID-19-KVKK-AYDINLANMA-BEYANI.pdf\">t\u0131klay\u0131n\u0131z.<\/a><\/p>\n","protected":false},"excerpt":{"rendered":"<p>\u0130nternet sitesi \u00e7erez ayd\u0131nlatma metni i\u00e7in t\u0131klay\u0131n\u0131z. Nish Adalar Site Y\u00f6netimi Covid 19 ile m\u00fccadele kapsam\u0131nda i\u015flenen ki\u015fisel veri ayd\u0131nlatma metnine ula\u015fmak i\u00e7in t\u0131klay\u0131n\u0131z.<\/p>\n","protected":false},"author":1,"featured_media":0,"parent":0,"menu_order":0,"comment_status":"closed","ping_status":"closed","template":"","meta":[],"_links":{"self":[{"href":"http:\/\/nishadalar.org\/index.php?rest_route=\/wp\/v2\/pages\/1404"}],"collection":[{"href":"http:\/\/nishadalar.org\/index.php?rest_route=\/wp\/v2\/pages"}],"about":[{"href":"http:\/\/nishadalar.org\/index.php?rest_route=\/wp\/v2\/types\/page"}],"author":[{"embeddable":true,"href":"http:\/\/nishadalar.org\/index.php?rest_route=\/wp\/v2\/users\/1"}],"replies":[{"embeddable":true,"href":"http:\/\/nishadalar.org\/index.php?rest_route=%2Fwp%2Fv2%2Fcomments&post=1404"}],"version-history":[{"count":4,"href":"http:\/\/nishadalar.org\/index.php?rest_route=\/wp\/v2\/pages\/1404\/revisions"}],"predecessor-version":[{"id":1416,"href":"http:\/\/nishadalar.org\/index.php?rest_route=\/wp\/v2\/pages\/1404\/revisions\/1416"}],"wp:attachment":[{"href":"http:\/\/nishadalar.org\/index.php?rest_route=%2Fwp%2Fv2%2Fmedia&parent=1404"}],"curies":[{"name":"wp","href":"https:\/\/api.w.org\/{rel}","templated":true}]}}