{"id":402,"date":"2018-05-10T11:33:10","date_gmt":"2018-05-10T14:33:10","guid":{"rendered":"http:\/\/nishadalar.org\/?page_id=402"},"modified":"2018-05-10T11:36:57","modified_gmt":"2018-05-10T14:36:57","slug":"guvenlik-hizmetleri","status":"publish","type":"page","link":"http:\/\/nishadalar.org\/?page_id=402","title":{"rendered":"G\u00fcvenlik Hizmetleri"},"content":{"rendered":"<p><strong>G\u00fcvenlik Hizmetleri<\/strong><\/p>\n<p>Nish Adalar Sitesi, \u00d6zel G\u00fcvenlik sertifikal\u0131 personelden olu\u015fan g\u00fcvenlik ekibi ile 24 saat boyunca korunmaktad\u0131r.<\/p>\n<p>5188 Say\u0131l\u0131 \u00d6zel G\u00fcvenlik Hizmetlerine Dair Kanun Y\u00f6netmeli\u011fi\u2019nce sitemiz b\u00fcnyesinde olu\u015fturulan \u201cKimlikli G\u00fcvenlik Ekibimiz\u201d, \u00fc\u00e7 vardiya halinde, Vardiya Amirleri g\u00f6zetiminde g\u00f6rev yapmaktad\u0131r.<\/p>\n<p>Sitemizin kapal\u0131 otoparklar\u0131nda, site giri\u015f ve \u00e7\u0131k\u0131\u015flar\u0131nda, Blok Zemin Kat Giri\u015flerinde, \u00e7ocuk oyun parklar\u0131 ve ortak alanlar ile site \u00c7evre Duvarlar\u0131 \u00fczerinde olmak \u00fczere toplam \u2026\u2026. kamera mevcut olup, kamera g\u00f6r\u00fcnt\u00fcleri kay\u0131t alt\u0131nda tutulmaktad\u0131r.<\/p>\n<p>T\u00fcm kamera g\u00f6r\u00fcnt\u00fcleri merkezi bir sistemden g\u00fcn\u00fcn 24 saati aktif \u015fekilde takip edilip kontrol edilmektedir.<\/p>\n<p>Siteye ana giri\u015f kap\u0131lar\u0131nda Ara\u00e7lar i\u00e7in Plaka Tan\u0131ma Sistemi, Bloklarda ise sakinlerimiz i\u00e7in Kartl\u0131 Ge\u00e7i\u015f Kartl\u0131 Sistemi uygulanmakta olup, plaka tan\u0131ma sistemine kay\u0131tl\u0131 olmayan misafir ara\u00e7lar sitemize her giri\u015f ve \u00e7\u0131k\u0131\u015fta kay\u0131t vermek zorundad\u0131r. Ayr\u0131ca plaka tan\u0131ma sistemine kayd\u0131 ve kap\u0131 ge\u00e7i\u015f kart\u0131 olmayan daire sakinlerimiz site y\u00f6netimine m\u00fcracaat ile ara\u00e7 plakalar\u0131n\u0131 kaydettirebilir ve resimli kimlik kart\u0131 \u00e7\u0131kartabilirler.<\/p>\n<p><strong>\u00a0<a href=\"http:\/\/nishadalar.org\/wp-content\/uploads\/2018\/05\/G\u00fcvenlik.jpeg\"><img loading=\"lazy\" class=\"alignnone size-medium wp-image-406\" src=\"http:\/\/nishadalar.org\/wp-content\/uploads\/2018\/05\/G\u00fcvenlik-300x169.jpeg\" alt=\"\" width=\"300\" height=\"169\" srcset=\"http:\/\/nishadalar.org\/wp-content\/uploads\/2018\/05\/G\u00fcvenlik-300x169.jpeg 300w, http:\/\/nishadalar.org\/wp-content\/uploads\/2018\/05\/G\u00fcvenlik-768x432.jpeg 768w, http:\/\/nishadalar.org\/wp-content\/uploads\/2018\/05\/G\u00fcvenlik-705x397.jpeg 705w, http:\/\/nishadalar.org\/wp-content\/uploads\/2018\/05\/G\u00fcvenlik-450x253.jpeg 450w, http:\/\/nishadalar.org\/wp-content\/uploads\/2018\/05\/G\u00fcvenlik.jpeg 830w\" sizes=\"(max-width: 300px) 100vw, 300px\" \/><\/a><\/strong><\/p>\n","protected":false},"excerpt":{"rendered":"<p>G\u00fcvenlik Hizmetleri Nish Adalar Sitesi, \u00d6zel G\u00fcvenlik sertifikal\u0131 personelden olu\u015fan g\u00fcvenlik ekibi ile 24 saat boyunca korunmaktad\u0131r. 5188 Say\u0131l\u0131 \u00d6zel G\u00fcvenlik Hizmetlerine Dair Kanun Y\u00f6netmeli\u011fi\u2019nce sitemiz b\u00fcnyesinde olu\u015fturulan \u201cKimlikli G\u00fcvenlik Ekibimiz\u201d, \u00fc\u00e7 vardiya halinde, Vardiya Amirleri g\u00f6zetiminde g\u00f6rev yapmaktad\u0131r. Sitemizin kapal\u0131 otoparklar\u0131nda, site giri\u015f ve \u00e7\u0131k\u0131\u015flar\u0131nda, Blok Zemin Kat Giri\u015flerinde, \u00e7ocuk oyun parklar\u0131 ve ortak [&hellip;]<\/p>\n","protected":false},"author":1,"featured_media":0,"parent":0,"menu_order":0,"comment_status":"closed","ping_status":"closed","template":"","meta":[],"_links":{"self":[{"href":"http:\/\/nishadalar.org\/index.php?rest_route=\/wp\/v2\/pages\/402"}],"collection":[{"href":"http:\/\/nishadalar.org\/index.php?rest_route=\/wp\/v2\/pages"}],"about":[{"href":"http:\/\/nishadalar.org\/index.php?rest_route=\/wp\/v2\/types\/page"}],"author":[{"embeddable":true,"href":"http:\/\/nishadalar.org\/index.php?rest_route=\/wp\/v2\/users\/1"}],"replies":[{"embeddable":true,"href":"http:\/\/nishadalar.org\/index.php?rest_route=%2Fwp%2Fv2%2Fcomments&post=402"}],"version-history":[{"count":3,"href":"http:\/\/nishadalar.org\/index.php?rest_route=\/wp\/v2\/pages\/402\/revisions"}],"predecessor-version":[{"id":1356,"href":"http:\/\/nishadalar.org\/index.php?rest_route=\/wp\/v2\/pages\/402\/revisions\/1356"}],"wp:attachment":[{"href":"http:\/\/nishadalar.org\/index.php?rest_route=%2Fwp%2Fv2%2Fmedia&parent=402"}],"curies":[{"name":"wp","href":"https:\/\/api.w.org\/{rel}","templated":true}]}}