{"id":504,"date":"2018-05-18T08:45:11","date_gmt":"2018-05-18T11:45:11","guid":{"rendered":"http:\/\/nishadalar.org\/?page_id=504"},"modified":"2020-10-30T04:54:54","modified_gmt":"2020-10-30T07:54:54","slug":"istanbul-maltepenin-onemli-telefon-numaralari","status":"publish","type":"page","link":"http:\/\/nishadalar.org\/?page_id=504","title":{"rendered":"Maltepe&#8217;de L\u00fczumlu Telefonlar"},"content":{"rendered":"\n<p><\/p>\n\n\n<p>\u00a0<\/p>\n<p><span style=\"background-color: #ffffff;\"><strong><span style=\"color: #000000;\">*** \u00d6NEML\u0130 TELEFONLAR \u2013<\/span><\/strong><\/span><\/p>\n<table style=\"width: 99.8278%; height: 2323px;\" border=\"0\" width=\"508\" cellspacing=\"0\" cellpadding=\"0\">\n<tbody>\n<tr style=\"height: 41px;\">\n<td style=\"width: 60.0757%; height: 41px;\"><span style=\"background-color: #ffffff;\"><strong><span style=\"color: #000000;\">Kurum Ad\u0131<\/span><\/strong><\/span><\/td>\n<td style=\"width: 30.9964%; height: 41px;\"><span style=\"background-color: #ffffff;\"><strong><span style=\"color: #000000;\">Telefon<\/span><\/strong><\/span><\/td>\n<\/tr>\n<tr style=\"height: 41px;\">\n<td style=\"width: 60.0757%; height: 41px;\"><span style=\"background-color: #ffffff;\"><strong><span style=\"color: #000000;\">Maltepe Belediye Ba\u015fkanl\u0131\u011f\u0131<\/span><\/strong><\/span><\/td>\n<td style=\"width: 30.9964%; height: 41px;\"><span style=\"background-color: #ffffff;\"><strong><span style=\"color: #000000;\">216 458 99 99<\/span><\/strong><\/span><\/td>\n<\/tr>\n<tr style=\"height: 41px;\">\n<td style=\"width: 60.0757%; height: 41px;\"><span style=\"background-color: #ffffff;\"><strong><span style=\"color: #000000;\">Maltepe Belediyesi\u00a0 Halk Masas\u0131 Birimi<\/span><\/strong><\/span><\/td>\n<td style=\"width: 30.9964%; height: 41px;\"><span style=\"background-color: #ffffff;\"><strong><span style=\"color: #000000;\">216 458 99 00\u00a0<\/span><\/strong><\/span><\/td>\n<\/tr>\n<tr style=\"height: 41px;\">\n<td style=\"width: 60.0757%; height: 41px;\"><span style=\"background-color: #ffffff;\"><strong><span style=\"color: #000000;\">Maltepe Belediyesi Sa\u011fl\u0131k \u0130\u015fleri M\u00fcd\u00fcrl\u00fc\u011f\u00fc<\/span><\/strong><\/span><\/td>\n<td style=\"width: 30.9964%; height: 41px;\"><span style=\"background-color: #ffffff;\"><strong><span style=\"color: #000000;\">216 383 09 59<\/span><\/strong><\/span><\/td>\n<\/tr>\n<tr style=\"height: 41px;\">\n<td style=\"width: 60.0757%; height: 41px;\"><span style=\"background-color: #ffffff;\"><strong><span style=\"color: #000000;\">Maltepe Belediyesi Temizlik \u0130\u015fleri M\u00fcd\u00fcrl\u00fc\u011f\u00fc<\/span><\/strong><\/span><\/td>\n<td style=\"width: 30.9964%; height: 41px;\"><span style=\"background-color: #ffffff;\"><strong><span style=\"color: #000000;\">216 35211 51<\/span><\/strong><\/span><\/td>\n<\/tr>\n<tr style=\"height: 41px;\">\n<td style=\"width: 60.0757%; height: 41px;\"><span style=\"background-color: #ffffff;\"><strong><span style=\"color: #000000;\">Maltepe Belediyesi Zab\u0131ta M\u00fcd\u00fcrl\u00fc\u011f\u00fc<\/span><\/strong><\/span><\/td>\n<td style=\"width: 30.9964%; height: 41px;\"><span style=\"background-color: #ffffff;\"><strong><span style=\"color: #000000;\">216 383 09 62<\/span><\/strong><\/span><\/td>\n<\/tr>\n<tr style=\"height: 41px;\">\n<td style=\"width: 60.0757%; height: 41px;\"><span style=\"background-color: #ffffff;\"><strong><span style=\"color: #000000;\">K\u00fc\u00e7\u00fckyal\u0131 Zab\u0131ta Karakolu<\/span><\/strong><\/span><\/td>\n<td style=\"width: 30.9964%; height: 41px;\"><span style=\"background-color: #ffffff;\"><strong><span style=\"color: #000000;\">216 388 33 58<\/span><\/strong><\/span><\/td>\n<\/tr>\n<tr style=\"height: 41px;\">\n<td style=\"width: 60.0757%; height: 41px;\"><span style=\"background-color: #ffffff;\"><strong><span style=\"color: #000000;\">G\u00fclsuyu Zab\u0131ta Karakolu<\/span><\/strong><\/span><\/td>\n<td style=\"width: 30.9964%; height: 41px;\"><span style=\"background-color: #ffffff;\"><strong><span style=\"color: #000000;\">216 376 25 61<\/span><\/strong><\/span><\/td>\n<\/tr>\n<tr style=\"height: 41px;\">\n<td style=\"width: 60.0757%; height: 41px;\"><span style=\"background-color: #ffffff;\"><strong><span style=\"color: #000000;\">Ba\u015f\u0131b\u00fcy\u00fck Zab\u0131ta Karakolu<\/span><\/strong><\/span><\/td>\n<td style=\"width: 30.9964%; height: 41px;\"><span style=\"background-color: #ffffff;\"><strong><span style=\"color: #000000;\">216 421 24 19<\/span><\/strong><\/span><\/td>\n<\/tr>\n<tr style=\"height: 41px;\">\n<td style=\"width: 60.0757%; height: 41px;\"><span style=\"background-color: #ffffff;\"><strong><span style=\"color: #000000;\">Kaymakaml\u0131k<\/span><\/strong><\/span><\/td>\n<td style=\"width: 30.9964%; height: 41px;\"><span style=\"background-color: #ffffff;\"><strong><span style=\"color: #000000;\">216 441 76 76<\/span><\/strong><\/span><\/td>\n<\/tr>\n<tr style=\"height: 101px;\">\n<td style=\"width: 60.0757%; height: 101px;\"><span style=\"background-color: #ffffff;\"><strong><span style=\"color: #000000;\">K\u00fc\u00e7\u00fckyal\u0131 S\u00fcreyya \u0130lmen Pa\u015fa K\u00fclt\u00fcr Merkezi ve Nikah Salonu<\/span><\/strong><\/span><br \/><span style=\"background-color: #ffffff;\"><strong><span style=\"color: #000000;\">Maltepe Belediyesi Cumhuriyet K\u00fclt\u00fcr Merkezi ve Nikah Salonlar\u0131 (Cevizli)<\/span><\/strong><\/span><\/td>\n<td style=\"width: 30.9964%; height: 101px;\"><span style=\"background-color: #ffffff;\"><strong><span style=\"color: #000000;\">216 519 89 89<\/span><\/strong><\/span><br \/><span style=\"background-color: #ffffff;\"><strong><span style=\"color: #000000;\">216 369 23 25<\/span><\/strong><\/span><\/td>\n<\/tr>\n<tr style=\"height: 41px;\">\n<td style=\"width: 60.0757%; height: 41px;\"><span style=\"background-color: #ffffff;\"><strong><span style=\"color: #000000;\">Maltepe Belediyesi K\u00fc\u00e7\u00fckyal\u0131 T\u0131p Merkezi<\/span><\/strong><\/span><\/td>\n<td style=\"width: 30.9964%; height: 41px;\"><span style=\"background-color: #ffffff;\"><strong><span style=\"color: #000000;\">216 367 16 00<\/span><\/strong><\/span><\/td>\n<\/tr>\n<tr style=\"height: 41px;\">\n<td style=\"width: 60.0757%; height: 41px;\"><span style=\"background-color: #ffffff;\"><strong><span style=\"color: #000000;\">Tapu ve Kadastro M\u00fcd\u00fcrl\u00fc\u011f\u00fc<\/span><\/strong><\/span><\/td>\n<td style=\"width: 30.9964%; height: 41px;\"><span style=\"background-color: #ffffff;\"><strong><span style=\"color: #000000;\">216 370 25 40<\/span><\/strong><\/span><\/td>\n<\/tr>\n<tr style=\"height: 41px;\">\n<td style=\"width: 60.0757%; height: 41px;\"><span style=\"background-color: #ffffff;\"><strong><span style=\"color: #000000;\">M\u00fcft\u00fcl\u00fck<\/span><\/strong><\/span><\/td>\n<td style=\"width: 30.9964%; height: 41px;\"><span style=\"background-color: #ffffff;\"><strong><span style=\"color: #000000;\">216 383 10 60<\/span><\/strong><\/span><\/td>\n<\/tr>\n<tr style=\"height: 41px;\">\n<td style=\"width: 60.0757%; height: 41px;\"><span style=\"background-color: #ffffff;\"><strong><span style=\"color: #000000;\">\u0130l\u00e7e Milli E\u011fitim M\u00fcd\u00fcrl\u00fc\u011f\u00fc<\/span><\/strong><\/span><\/td>\n<td style=\"width: 30.9964%; height: 41px;\"><span style=\"background-color: #ffffff;\"><strong><span style=\"color: #000000;\">216 417 08 76<\/span><\/strong><\/span><\/td>\n<\/tr>\n<tr style=\"height: 41px;\">\n<td style=\"width: 60.0757%; height: 41px;\"><span style=\"background-color: #ffffff;\"><strong><span style=\"color: #000000;\">Sivil Savunma M\u00fcd\u00fcrl\u00fc\u011f\u00fc<\/span><\/strong><\/span><\/td>\n<td style=\"width: 30.9964%; height: 41px;\"><span style=\"background-color: #ffffff;\"><strong><span style=\"color: #000000;\">216 417 55 90<\/span><\/strong><\/span><\/td>\n<\/tr>\n<tr style=\"height: 41px;\">\n<td style=\"width: 60.0757%; height: 41px;\"><span style=\"background-color: #ffffff;\"><strong><span style=\"color: #000000;\">Sosyal Yard\u0131mla\u015fma Vakf\u0131<\/span><\/strong><\/span><\/td>\n<td style=\"width: 30.9964%; height: 41px;\"><span style=\"background-color: #ffffff;\"><strong><span style=\"color: #000000;\">216 459 69 15<\/span><\/strong><\/span><\/td>\n<\/tr>\n<tr style=\"height: 41px;\">\n<td style=\"width: 60.0757%; height: 41px;\"><span style=\"background-color: #ffffff;\"><strong><span style=\"color: #000000;\">Cumhuriyet Polis Merkezi<\/span><\/strong><\/span><\/td>\n<td style=\"width: 30.9964%; height: 41px;\"><span style=\"background-color: #ffffff;\"><strong><span style=\"color: #000000;\">216 459 70 70<\/span><\/strong><\/span><\/td>\n<\/tr>\n<tr style=\"height: 41px;\">\n<td style=\"width: 60.0757%; height: 41px;\"><span style=\"background-color: #ffffff;\"><strong><span style=\"color: #000000;\">\u0130l\u00e7e Emniyet M\u00fcd\u00fcrl\u00fc\u011f\u00fc<\/span><\/strong><\/span><\/td>\n<td style=\"width: 30.9964%; height: 41px;\"><span style=\"background-color: #ffffff;\"><strong><span style=\"color: #000000;\">216 305 60 06<\/span><\/strong><\/span><\/td>\n<\/tr>\n<tr style=\"height: 41px;\">\n<td style=\"width: 60.0757%; height: 41px;\"><span style=\"background-color: #ffffff;\"><strong><span style=\"color: #000000;\">Sa\u011fl\u0131k Grup Ba\u015fkanl\u0131\u011f\u0131<\/span><\/strong><\/span><\/td>\n<td style=\"width: 30.9964%; height: 41px;\"><span style=\"background-color: #ffffff;\"><strong><span style=\"color: #000000;\">216 370 21 93<\/span><\/strong><\/span><\/td>\n<\/tr>\n<tr style=\"height: 41px;\">\n<td style=\"width: 60.0757%; height: 41px;\"><span style=\"background-color: #ffffff;\"><strong><span style=\"color: #000000;\">G\u00fclsuyu S. Okumu\u015f Polis Merkezi<\/span><\/strong><\/span><\/td>\n<td style=\"width: 30.9964%; height: 41px;\"><span style=\"background-color: #ffffff;\"><strong><span style=\"color: #000000;\">216 376 58 77<\/span><\/strong><\/span><\/td>\n<\/tr>\n<tr style=\"height: 41px;\">\n<td style=\"width: 60.0757%; height: 41px;\"><span style=\"background-color: #ffffff;\"><strong><span style=\"color: #000000;\">Alt\u0131ntepe Sa\u011fl\u0131k Oca\u011f\u0131<\/span><\/strong><\/span><\/td>\n<td style=\"width: 30.9964%; height: 41px;\"><span style=\"background-color: #ffffff;\"><strong><span style=\"color: #000000;\">216 489 25 09<\/span><\/strong><\/span><\/td>\n<\/tr>\n<tr style=\"height: 41px;\">\n<td style=\"width: 60.0757%; height: 41px;\"><span style=\"background-color: #ffffff;\"><strong><span style=\"color: #000000;\">Altay\u00e7e\u015fme Sa\u011fl\u0131k Oca\u011f\u0131<\/span><\/strong><\/span><\/td>\n<td style=\"width: 30.9964%; height: 41px;\"><span style=\"background-color: #ffffff;\"><strong><span style=\"color: #000000;\">216 459 41 57<\/span><\/strong><\/span><\/td>\n<\/tr>\n<tr style=\"height: 41px;\">\n<td style=\"width: 60.0757%; height: 41px;\"><span style=\"background-color: #ffffff;\"><strong><span style=\"color: #000000;\">Ba\u015f\u0131b\u00fcy\u00fck Sa\u011fl\u0131k Oca\u011f\u0131<\/span><\/strong><\/span><\/td>\n<td style=\"width: 30.9964%; height: 41px;\"><span style=\"background-color: #ffffff;\"><strong><span style=\"color: #000000;\">216 421 09 12<\/span><\/strong><\/span><\/td>\n<\/tr>\n<tr style=\"height: 41px;\">\n<td style=\"width: 60.0757%; height: 41px;\"><span style=\"background-color: #ffffff;\"><strong><span style=\"color: #000000;\">Ayd\u0131nevler Sa\u011fl\u0131k Oca\u011f\u0131<\/span><\/strong><\/span><\/td>\n<td style=\"width: 30.9964%; height: 41px;\"><span style=\"background-color: #ffffff;\"><strong><span style=\"color: #000000;\">216 417 53 89<\/span><\/strong><\/span><\/td>\n<\/tr>\n<tr style=\"height: 42px;\">\n<td style=\"width: 60.0757%; height: 42px;\"><span style=\"background-color: #ffffff;\"><strong><span style=\"color: #000000;\">Esenkent Sa\u011fl\u0131k Oca\u011f\u0131<\/span><\/strong><\/span><\/td>\n<td style=\"width: 30.9964%; height: 42px;\"><span style=\"background-color: #ffffff;\"><strong><span style=\"color: #000000;\">216 376 14 95<\/span><\/strong><\/span><\/td>\n<\/tr>\n<tr style=\"height: 42px;\">\n<td style=\"width: 60.0757%; height: 42px;\"><span style=\"background-color: #ffffff;\"><strong><span style=\"color: #000000;\">Cevizli Sa\u011fl\u0131k Oca\u011f\u0131<\/span><\/strong><\/span><\/td>\n<td style=\"width: 30.9964%; height: 42px;\"><span style=\"background-color: #ffffff;\"><strong><span style=\"color: #000000;\">216 441 33 23<\/span><\/strong><\/span><\/td>\n<\/tr>\n<tr style=\"height: 42px;\">\n<td style=\"width: 60.0757%; height: 42px;\"><span style=\"background-color: #ffffff;\"><strong><span style=\"color: #000000;\">G\u00fclsuyu Sa\u011fl\u0131k Oca\u011f\u0131<\/span><\/strong><\/span><\/td>\n<td style=\"width: 30.9964%; height: 42px;\"><span style=\"background-color: #ffffff;\"><strong><span style=\"color: #000000;\">216 589 90 82<\/span><\/strong><\/span><\/td>\n<\/tr>\n<tr style=\"height: 42px;\">\n<td style=\"width: 60.0757%; height: 42px;\"><span style=\"background-color: #ffffff;\"><strong><span style=\"color: #000000;\">G\u00fclensu Sa\u011fl\u0131k Oca\u011f\u0131<\/span><\/strong><\/span><\/td>\n<td style=\"width: 30.9964%; height: 42px;\"><span style=\"background-color: #ffffff;\"><strong><span style=\"color: #000000;\">216 376 99 64<\/span><\/strong><\/span><\/td>\n<\/tr>\n<tr style=\"height: 42px;\">\n<td style=\"width: 60.0757%; height: 42px;\"><span style=\"background-color: #ffffff;\"><strong><span style=\"color: #000000;\">F\u0131nd\u0131kl\u0131 Sa\u011fl\u0131k Oca\u011f\u0131<\/span><\/strong><\/span><\/td>\n<td style=\"width: 30.9964%; height: 42px;\"><span style=\"background-color: #ffffff;\"><strong><span style=\"color: #000000;\">216 576 59 11<\/span><\/strong><\/span><\/td>\n<\/tr>\n<tr style=\"height: 42px;\">\n<td style=\"width: 60.0757%; height: 42px;\"><span style=\"background-color: #ffffff;\"><strong><span style=\"color: #000000;\">Merkez Sa\u011fl\u0131k Oca\u011f\u0131<\/span><\/strong><\/span><\/td>\n<td style=\"width: 30.9964%; height: 42px;\"><span style=\"background-color: #ffffff;\"><strong><span style=\"color: #000000;\">216 399 41 91<\/span><\/strong><\/span><\/td>\n<\/tr>\n<tr style=\"height: 42px;\">\n<td style=\"width: 60.0757%; height: 42px;\"><span style=\"background-color: #ffffff;\"><strong><span style=\"color: #000000;\">Yal\u0131 1 No&#8217;lu Sa\u011fl\u0131k Oca\u011f\u0131<\/span><\/strong><\/span><\/td>\n<td style=\"width: 30.9964%; height: 42px;\"><span style=\"background-color: #ffffff;\"><strong><span style=\"color: #000000;\">216 457 95 46<\/span><\/strong><\/span><\/td>\n<\/tr>\n<tr style=\"height: 42px;\">\n<td style=\"width: 60.0757%; height: 42px;\"><span style=\"background-color: #ffffff;\"><strong><span style=\"color: #000000;\">\u015eair G\u00fcrkan Sa\u011fl\u0131k Oca\u011f\u0131<\/span><\/strong><\/span><\/td>\n<td style=\"width: 30.9964%; height: 42px;\"><span style=\"background-color: #ffffff;\"><strong><span style=\"color: #000000;\">216 575 60 99<\/span><\/strong><\/span><\/td>\n<\/tr>\n<tr style=\"height: 42px;\">\n<td style=\"width: 60.0757%; height: 42px;\"><span style=\"background-color: #ffffff;\"><strong><span style=\"color: #000000;\">Z\u00fcmr\u00fctevler Sa\u011fl\u0131k Oca\u011f\u0131<\/span><\/strong><\/span><\/td>\n<td style=\"width: 30.9964%; height: 42px;\"><span style=\"background-color: #ffffff;\"><strong><span style=\"color: #000000;\">216 370 21 93<\/span><\/strong><\/span><\/td>\n<\/tr>\n<tr style=\"height: 42px;\">\n<td style=\"width: 60.0757%; height: 42px;\"><span style=\"background-color: #ffffff;\"><strong><span style=\"color: #000000;\">Yal\u0131 2 No&#8217;lu Sa\u011fl\u0131k Oca\u011f\u0131<\/span><\/strong><\/span><\/td>\n<td style=\"width: 30.9964%; height: 42px;\"><span style=\"background-color: #ffffff;\"><strong><span style=\"color: #000000;\">216 457 97 83<\/span><\/strong><\/span><\/td>\n<\/tr>\n<tr style=\"height: 42px;\">\n<td style=\"width: 60.0757%; height: 42px;\"><span style=\"background-color: #ffffff;\"><strong><span style=\"color: #000000;\">Altay\u00e7e\u015fme Muhtarl\u0131\u011f\u0131<\/span><\/strong><\/span><\/td>\n<td style=\"width: 30.9964%; height: 42px;\"><span style=\"background-color: #ffffff;\"><strong><span style=\"color: #000000;\">216 370 65 00<\/span><\/strong><\/span><\/td>\n<\/tr>\n<tr style=\"height: 42px;\">\n<td style=\"width: 60.0757%; height: 42px;\"><span style=\"background-color: #ffffff;\"><strong><span style=\"color: #000000;\">Verem Sava\u015f Dispanseri<\/span><\/strong><\/span><\/td>\n<td style=\"width: 30.9964%; height: 42px;\"><span style=\"background-color: #ffffff;\"><strong><span style=\"color: #000000;\">216 441 33 23<\/span><\/strong><\/span><\/td>\n<\/tr>\n<tr style=\"height: 42px;\">\n<td style=\"width: 60.0757%; height: 42px;\"><span style=\"background-color: #ffffff;\"><strong><span style=\"color: #000000;\">Ayd\u0131nevler Muhtarl\u0131\u011f\u0131<\/span><\/strong><\/span><\/td>\n<td style=\"width: 30.9964%; height: 42px;\"><span style=\"background-color: #ffffff;\"><strong><span style=\"color: #000000;\">216 388 49 76<\/span><\/strong><\/span><\/td>\n<\/tr>\n<tr style=\"height: 42px;\">\n<td style=\"width: 60.0757%; height: 42px;\"><span style=\"background-color: #ffffff;\"><strong><span style=\"color: #000000;\">Al\u0131ntepe Muhtarl\u0131\u011f\u0131<\/span><\/strong><\/span><\/td>\n<td style=\"width: 30.9964%; height: 42px;\"><span style=\"background-color: #ffffff;\"><strong><span style=\"color: #000000;\">216 366 94 77<\/span><\/strong><\/span><\/td>\n<\/tr>\n<tr style=\"height: 42px;\">\n<td style=\"width: 60.0757%; height: 42px;\"><span style=\"background-color: #ffffff;\"><strong><span style=\"color: #000000;\">Ba\u015f\u0131b\u00fcy\u00fck Muhtarl\u0131\u011f\u0131<\/span><\/strong><\/span><\/td>\n<td style=\"width: 30.9964%; height: 42px;\"><span style=\"background-color: #ffffff;\"><strong><span style=\"color: #000000;\">216 421 10 00<\/span><\/strong><\/span><\/td>\n<\/tr>\n<tr style=\"height: 42px;\">\n<td style=\"width: 60.0757%; height: 42px;\"><span style=\"background-color: #ffffff;\"><strong><span style=\"color: #000000;\">Ba\u011flarba\u015f\u0131 Muhtarl\u0131\u011f\u0131<\/span><\/strong><\/span><\/td>\n<td style=\"width: 30.9964%; height: 42px;\"><span style=\"background-color: #ffffff;\"><strong><span style=\"color: #000000;\">216 352 66 79<\/span><\/strong><\/span><\/td>\n<\/tr>\n<tr style=\"height: 42px;\">\n<td style=\"width: 60.0757%; height: 42px;\"><span style=\"background-color: #ffffff;\"><strong><span style=\"color: #000000;\">Cevizli Muhtarl\u0131\u011f\u0131<\/span><\/strong><\/span><\/td>\n<td style=\"width: 30.9964%; height: 42px;\"><span style=\"background-color: #ffffff;\"><strong><span style=\"color: #000000;\">216 459 74 06<\/span><\/strong><\/span><\/td>\n<\/tr>\n<tr style=\"height: 42px;\">\n<td style=\"width: 60.0757%; height: 42px;\"><span style=\"background-color: #ffffff;\"><strong><span style=\"color: #000000;\">B\u00fcy\u00fckbakkalk\u00f6y Muhtarl\u0131\u011f\u0131<\/span><\/strong><\/span><\/td>\n<td style=\"width: 30.9964%; height: 42px;\"><span style=\"background-color: #ffffff;\"><strong><span style=\"color: #000000;\">216 311 22 51<\/span><\/strong><\/span><\/td>\n<\/tr>\n<tr style=\"height: 42px;\">\n<td style=\"width: 60.0757%; height: 42px;\"><span style=\"background-color: #ffffff;\"><strong><span style=\"color: #000000;\">Esenkent Muhtarl\u0131\u011f\u0131<\/span><\/strong><\/span><\/td>\n<td style=\"width: 30.9964%; height: 42px;\"><span style=\"background-color: #ffffff;\"><strong><span style=\"color: #000000;\">216 376 49 96<\/span><\/strong><\/span><\/td>\n<\/tr>\n<tr style=\"height: 42px;\">\n<td style=\"width: 60.0757%; height: 42px;\"><span style=\"background-color: #ffffff;\"><strong><span style=\"color: #000000;\">\u00c7\u0131nar Muhtarl\u0131\u011f\u0131<\/span><\/strong><\/span><\/td>\n<td style=\"width: 30.9964%; height: 42px;\"><span style=\"background-color: #ffffff;\"><strong><span style=\"color: #000000;\">216 358 51 16<\/span><\/strong><\/span><\/td>\n<\/tr>\n<tr style=\"height: 42px;\">\n<td style=\"width: 60.0757%; height: 42px;\"><span style=\"background-color: #ffffff;\"><strong><span style=\"color: #000000;\">F\u0131nd\u0131kl\u0131 Muhtarl\u0131\u011f\u0131<\/span><\/strong><\/span><\/td>\n<td style=\"width: 30.9964%; height: 42px;\"><span style=\"background-color: #ffffff;\"><strong><span style=\"color: #000000;\">216 576 96 31<\/span><\/strong><\/span><\/td>\n<\/tr>\n<tr style=\"height: 42px;\">\n<td style=\"width: 60.0757%; height: 42px;\"><span style=\"background-color: #ffffff;\"><strong><span style=\"color: #000000;\">Feyzullah Muhtarl\u0131\u011f\u0131<\/span><\/strong><\/span><\/td>\n<td style=\"width: 30.9964%; height: 42px;\"><span style=\"background-color: #ffffff;\"><strong><span style=\"color: #000000;\">216 371 76 34<\/span><\/strong><\/span><\/td>\n<\/tr>\n<tr style=\"height: 42px;\">\n<td style=\"width: 60.0757%; height: 42px;\"><span style=\"background-color: #ffffff;\"><strong><span style=\"color: #000000;\">G\u00fclensu Muhtarl\u0131\u011f\u0131<\/span><\/strong><\/span><\/td>\n<td style=\"width: 30.9964%; height: 42px;\"><span style=\"background-color: #ffffff;\"><strong><span style=\"color: #000000;\">216 427 06 73<\/span><\/strong><\/span><\/td>\n<\/tr>\n<tr style=\"height: 42px;\">\n<td style=\"width: 60.0757%; height: 42px;\"><span style=\"background-color: #ffffff;\"><strong><span style=\"color: #000000;\">Girne Muhtarl\u0131\u011f\u0131<\/span><\/strong><\/span><\/td>\n<td style=\"width: 30.9964%; height: 42px;\"><span style=\"background-color: #ffffff;\"><strong><span style=\"color: #000000;\">216 441 94 54<\/span><\/strong><\/span><\/td>\n<\/tr>\n<tr style=\"height: 42px;\">\n<td style=\"width: 60.0757%; height: 42px;\"><span style=\"background-color: #ffffff;\"><strong><span style=\"color: #000000;\">\u0130dealtepe Muhtarl\u0131\u011f\u0131<\/span><\/strong><\/span><\/td>\n<td style=\"width: 30.9964%; height: 42px;\"><span style=\"background-color: #ffffff;\"><strong><span style=\"color: #000000;\">216 367 18 83<\/span><\/strong><\/span><\/td>\n<\/tr>\n<tr style=\"height: 42px;\">\n<td style=\"width: 60.0757%; height: 42px;\"><span style=\"background-color: #ffffff;\"><strong><span style=\"color: #000000;\">G\u00fclsuyu Muhtarl\u0131\u011f\u0131<\/span><\/strong><\/span><\/td>\n<td style=\"width: 30.9964%; height: 42px;\"><span style=\"background-color: #ffffff;\"><strong><span style=\"color: #000000;\">216 427 06 56<\/span><\/strong><\/span><\/td>\n<\/tr>\n<tr style=\"height: 42px;\">\n<td style=\"width: 60.0757%; height: 42px;\"><span style=\"background-color: #ffffff;\"><strong><span style=\"color: #000000;\">Yal\u0131 Muhtarl\u0131\u011f\u0131<\/span><\/strong><\/span><\/td>\n<td style=\"width: 30.9964%; height: 42px;\"><span style=\"background-color: #ffffff;\"><strong><span style=\"color: #000000;\">216 371 42 73<\/span><\/strong><\/span><\/td>\n<\/tr>\n<tr style=\"height: 42px;\">\n<td style=\"width: 60.0757%; height: 42px;\"><span style=\"background-color: #ffffff;\"><strong><span style=\"color: #000000;\">Merkez Muhtarl\u0131\u011f\u0131<\/span><\/strong><\/span><\/td>\n<td style=\"width: 30.9964%; height: 42px;\"><span style=\"background-color: #ffffff;\"><strong><span style=\"color: #000000;\">216 388 27 23<\/span><\/strong><\/span><\/td>\n<\/tr>\n<tr style=\"height: 62px;\">\n<td style=\"width: 60.0757%; height: 62px;\"><span style=\"background-color: #ffffff;\"><strong><span style=\"color: #000000;\">Z\u00fcmr\u00fctevler Muhtarl\u0131\u011f\u0131<\/span><\/strong><\/span><br \/><span style=\"background-color: #ffffff;\"><strong><span style=\"color: #000000;\">N\u00fcfus M\u00fcd\u00fcrl\u00fc\u011f\u00fc<\/span><\/strong><\/span><\/td>\n<td style=\"width: 30.9964%; height: 62px;\"><span style=\"background-color: #ffffff;\"><strong><span style=\"color: #000000;\">216 589 80 80<\/span><\/strong><\/span><br \/><span style=\"background-color: #ffffff;\"><strong><span style=\"color: #000000;\">216 370 58 04\u00a0<\/span><\/strong><\/span><\/td>\n<\/tr>\n<\/tbody>\n<\/table>","protected":false},"excerpt":{"rendered":"<p>\u00a0 *** \u00d6NEML\u0130 TELEFONLAR \u2013 Kurum Ad\u0131 Telefon Maltepe Belediye Ba\u015fkanl\u0131\u011f\u0131 216 458 99 99 Maltepe Belediyesi\u00a0 Halk Masas\u0131 Birimi 216 458 99 00\u00a0 Maltepe Belediyesi Sa\u011fl\u0131k \u0130\u015fleri M\u00fcd\u00fcrl\u00fc\u011f\u00fc 216 383 09 59 Maltepe Belediyesi Temizlik \u0130\u015fleri M\u00fcd\u00fcrl\u00fc\u011f\u00fc 216 35211 51 Maltepe Belediyesi Zab\u0131ta M\u00fcd\u00fcrl\u00fc\u011f\u00fc 216 383 09 62 K\u00fc\u00e7\u00fckyal\u0131 Zab\u0131ta Karakolu 216 388 33 [&hellip;]<\/p>\n","protected":false},"author":1,"featured_media":0,"parent":0,"menu_order":0,"comment_status":"closed","ping_status":"closed","template":"","meta":[],"_links":{"self":[{"href":"http:\/\/nishadalar.org\/index.php?rest_route=\/wp\/v2\/pages\/504"}],"collection":[{"href":"http:\/\/nishadalar.org\/index.php?rest_route=\/wp\/v2\/pages"}],"about":[{"href":"http:\/\/nishadalar.org\/index.php?rest_route=\/wp\/v2\/types\/page"}],"author":[{"embeddable":true,"href":"http:\/\/nishadalar.org\/index.php?rest_route=\/wp\/v2\/users\/1"}],"replies":[{"embeddable":true,"href":"http:\/\/nishadalar.org\/index.php?rest_route=%2Fwp%2Fv2%2Fcomments&post=504"}],"version-history":[{"count":17,"href":"http:\/\/nishadalar.org\/index.php?rest_route=\/wp\/v2\/pages\/504\/revisions"}],"predecessor-version":[{"id":1266,"href":"http:\/\/nishadalar.org\/index.php?rest_route=\/wp\/v2\/pages\/504\/revisions\/1266"}],"wp:attachment":[{"href":"http:\/\/nishadalar.org\/index.php?rest_route=%2Fwp%2Fv2%2Fmedia&parent=504"}],"curies":[{"name":"wp","href":"https:\/\/api.w.org\/{rel}","templated":true}]}}