{"id":515,"date":"2018-05-21T04:37:37","date_gmt":"2018-05-21T07:37:37","guid":{"rendered":"http:\/\/nishadalar.org\/?page_id=515"},"modified":"2020-10-04T14:02:57","modified_gmt":"2020-10-04T17:02:57","slug":"basinda-biz","status":"publish","type":"page","link":"http:\/\/nishadalar.org\/?page_id=515","title":{"rendered":"Bas\u0131nda Biz"},"content":{"rendered":"<div class=\"flex_column av_one_half  flex_column_div av-zero-column-padding first  \" style='border-radius:0px; '><div class='avia-image-container avia_animated_image avia_animate_when_almost_visible fade-in av-styling-    avia-align-center '  itemprop=\"ImageObject\" itemscope=\"itemscope\" itemtype=\"https:\/\/schema.org\/ImageObject\"  ><div class='avia-image-container-inner'><a href='http:\/\/www.sanalbasin.com\/site\/maltepe-ekspres-13601\/' class='avia_image'   target=\"_blank\" ><img class='avia_image ' src='http:\/\/nishadalar.org\/wp-content\/uploads\/2018\/05\/19.may\u0131s-1.jpg' alt='http:\/\/www.sanalbasin.com\/site\/maltepe-ekspres-13601\/' title='Bas\u0131nda Biz'  itemprop=\"thumbnailUrl\"  \/><\/a><\/div><\/div><\/div>\n<div  class='avia-video avia-video-16-9   '  itemprop=\"video\" itemtype=\"https:\/\/schema.org\/VideoObject\" ><div class='avia-iframe-wrap'><iframe title=\"Apsiyon program\u0131 \u00fczerinden ar\u0131za kayd\u0131 a\u00e7ma\" width=\"1500\" height=\"844\" src=\"https:\/\/www.youtube.com\/embed\/B0o2-KaWWMs?feature=oembed\" frameborder=\"0\" allow=\"accelerometer; autoplay; clipboard-write; encrypted-media; gyroscope; picture-in-picture\" allowfullscreen><\/iframe><\/div><\/div>\n<div  class='avia-video avia-video-16-9   '  itemprop=\"video\" itemtype=\"https:\/\/schema.org\/VideoObject\" ><div class='avia-iframe-wrap'><iframe title=\"Apsiyon program\u0131 \u00fczerinden ar\u0131za kayd\u0131 a\u00e7ma\" width=\"1500\" height=\"844\" src=\"https:\/\/www.youtube.com\/embed\/B0o2-KaWWMs?feature=oembed\" frameborder=\"0\" allow=\"accelerometer; autoplay; clipboard-write; encrypted-media; gyroscope; picture-in-picture\" allowfullscreen><\/iframe><\/div><\/div>\n<div  class='avia-video avia-video-16-9   '  itemprop=\"video\" itemtype=\"https:\/\/schema.org\/VideoObject\" ><div class='avia-iframe-wrap'><iframe title=\"Apsiyon program\u0131 \u00fczerinden ar\u0131za kayd\u0131 a\u00e7ma\" width=\"1500\" height=\"844\" src=\"https:\/\/www.youtube.com\/embed\/B0o2-KaWWMs?feature=oembed\" frameborder=\"0\" allow=\"accelerometer; autoplay; clipboard-write; encrypted-media; gyroscope; picture-in-picture\" allowfullscreen><\/iframe><\/div><\/div>\n","protected":false},"excerpt":{"rendered":"","protected":false},"author":1,"featured_media":0,"parent":0,"menu_order":0,"comment_status":"closed","ping_status":"closed","template":"","meta":[],"_links":{"self":[{"href":"http:\/\/nishadalar.org\/index.php?rest_route=\/wp\/v2\/pages\/515"}],"collection":[{"href":"http:\/\/nishadalar.org\/index.php?rest_route=\/wp\/v2\/pages"}],"about":[{"href":"http:\/\/nishadalar.org\/index.php?rest_route=\/wp\/v2\/types\/page"}],"author":[{"embeddable":true,"href":"http:\/\/nishadalar.org\/index.php?rest_route=\/wp\/v2\/users\/1"}],"replies":[{"embeddable":true,"href":"http:\/\/nishadalar.org\/index.php?rest_route=%2Fwp%2Fv2%2Fcomments&post=515"}],"version-history":[{"count":10,"href":"http:\/\/nishadalar.org\/index.php?rest_route=\/wp\/v2\/pages\/515\/revisions"}],"predecessor-version":[{"id":1201,"href":"http:\/\/nishadalar.org\/index.php?rest_route=\/wp\/v2\/pages\/515\/revisions\/1201"}],"wp:attachment":[{"href":"http:\/\/nishadalar.org\/index.php?rest_route=%2Fwp%2Fv2%2Fmedia&parent=515"}],"curies":[{"name":"wp","href":"https:\/\/api.w.org\/{rel}","templated":true}]}}