{"id":847,"date":"2018-06-06T11:45:31","date_gmt":"2018-06-06T14:45:31","guid":{"rendered":"http:\/\/nishadalar.org\/?page_id=847"},"modified":"2020-12-23T10:31:47","modified_gmt":"2020-12-23T13:31:47","slug":"odeme-kanallarimiz","status":"publish","type":"page","link":"http:\/\/nishadalar.org\/?page_id=847","title":{"rendered":"\u00d6deme Kanallar\u0131m\u0131z"},"content":{"rendered":"<p>\u00d6demelerinizi Apsiyon d\u0131\u015f\u0131nda Y\u00f6netim ofisinden Kredi Kart\u0131 ile %1,1 Komisyon \u00f6deyerek yapabilirsiniz.<\/p>\n<p>\u00d6demelerinizi a\u015fa\u011f\u0131da yer alan banka hesap numaralar\u0131m\u0131za EFT \/ HAVALE \u015feklinde de yapabilirsiniz.<br \/>\n\u00d6nemli Not: \u00d6demelerinizi EFT \/ HAVALE \u015feklinde yaparken l\u00fctfen a\u00e7\u0131klama k\u0131sm\u0131na BLOK \/ DA\u0130RE numaras\u0131 ve ne i\u00e7in \u00f6deme yap\u0131ld\u0131\u011f\u0131n\u0131 (Aidat, Kalorimetre \u00f6demesi gibi) yaz\u0131n\u0131z.<\/p>\n<p><u>A\u0130DAT \u00d6DEMELER\u0130 HESAP NUMARALARI<\/u><\/p>\n<p>Hesap Ad\u0131\u00a0\u00a0\u00a0\u00a0\u00a0\u00a0\u00a0\u00a0\u00a0\u00a0 : NISH ADALAR S\u0130TE Y\u00d6NET\u0130M HESABI<\/p>\n<p>Banka ad\u0131\u00a0\u00a0\u00a0\u00a0\u00a0\u00a0\u00a0\u00a0\u00a0\u00a0\u00a0 : T\u00dcRK\u0130YE \u0130\u015e BANKASI<\/p>\n<p>\u015eube Ad\u0131\u00a0\u00a0\u00a0\u00a0\u00a0\u00a0\u00a0\u00a0\u00a0\u00a0\u00a0\u00a0 : Maltepe \u015eubesi<\/p>\n<p>\u015eube Kodu\u00a0 \u00a0 \u00a0 \u00a0 \u00a0 : 1037<\/p>\n<p>Hesap No\u00a0\u00a0\u00a0\u00a0\u00a0\u00a0\u00a0\u00a0\u00a0\u00a0\u00a0 : 1766267<\/p>\n<p>IBAN No\u00a0\u00a0\u00a0\u00a0\u00a0\u00a0\u00a0\u00a0\u00a0\u00a0\u00a0\u00a0\u00a0 : TR44\u00a0 0006\u00a0 4000\u00a0 0011\u00a0 0371\u00a0 7662 67<\/p>\n<p><u>\u00a0<\/u><\/p>\n<p><u>\u00a0<\/u><\/p>\n<p>Hesap Ad\u0131\u00a0\u00a0\u00a0\u00a0\u00a0\u00a0\u00a0\u00a0\u00a0\u00a0 : NISH ADALAR S\u0130TE Y\u00d6NET\u0130M HESABI<\/p>\n<p>Banka ad\u0131\u00a0\u00a0\u00a0\u00a0\u00a0\u00a0\u00a0\u00a0\u00a0\u00a0\u00a0 : AKBANK T.A.\u015e.<\/p>\n<p>\u015eube Ad\u0131\u00a0\u00a0\u00a0\u00a0\u00a0\u00a0\u00a0\u00a0\u00a0\u00a0\u00a0\u00a0 : Maltepe \u015eubesi<\/p>\n<p>\u015eube Kodu\u00a0\u00a0\u00a0\u00a0\u00a0\u00a0\u00a0\u00a0 : 0029<\/p>\n<p>Hesap No\u00a0\u00a0\u00a0\u00a0\u00a0\u00a0\u00a0\u00a0\u00a0\u00a0\u00a0 : 239971<\/p>\n<p>IBAN No\u00a0\u00a0\u00a0\u00a0\u00a0\u00a0\u00a0\u00a0\u00a0\u00a0\u00a0\u00a0\u00a0 : TR30 0004 6000 2988 8000 2399 71<\/p>\n<p><u>KALOR\u0130METRE-D.K.K.B. \u00d6DEMELER\u0130 HESAP NUMARASI<\/u><\/p>\n<p><u>\u00a0<\/u><\/p>\n<p>Hesap Ad\u0131\u00a0\u00a0\u00a0\u00a0\u00a0\u00a0\u00a0\u00a0\u00a0\u00a0 : NISH ADALAR S\u0130TE Y\u00d6NET\u0130M HESABI<\/p>\n<p>Banka ad\u0131\u00a0\u00a0\u00a0\u00a0\u00a0\u00a0\u00a0\u00a0\u00a0\u00a0\u00a0 : AKBANK T.A.\u015e.<\/p>\n<p>\u015eube Ad\u0131\u00a0\u00a0\u00a0\u00a0\u00a0\u00a0\u00a0\u00a0\u00a0\u00a0\u00a0\u00a0 : Maltepe \u015eubesi<\/p>\n<p>\u015eube Kodu\u00a0\u00a0\u00a0\u00a0\u00a0\u00a0\u00a0\u00a0 : 0029<\/p>\n<p>Hesap No\u00a0\u00a0\u00a0\u00a0\u00a0\u00a0\u00a0\u00a0\u00a0\u00a0\u00a0 : 240375<\/p>\n<p>IBAN No\u00a0\u00a0\u00a0\u00a0\u00a0\u00a0\u00a0\u00a0\u00a0\u00a0\u00a0\u00a0\u00a0 : TR83 0004 6000 2988 8000 2403 75<\/p>\n","protected":false},"excerpt":{"rendered":"<p>\u00d6demelerinizi Apsiyon d\u0131\u015f\u0131nda Y\u00f6netim ofisinden Kredi Kart\u0131 ile %1,1 Komisyon \u00f6deyerek yapabilirsiniz. \u00d6demelerinizi a\u015fa\u011f\u0131da yer alan banka hesap numaralar\u0131m\u0131za EFT \/ HAVALE \u015feklinde de yapabilirsiniz. \u00d6nemli Not: \u00d6demelerinizi EFT \/ HAVALE \u015feklinde yaparken l\u00fctfen a\u00e7\u0131klama k\u0131sm\u0131na BLOK \/ DA\u0130RE numaras\u0131 ve ne i\u00e7in \u00f6deme yap\u0131ld\u0131\u011f\u0131n\u0131 (Aidat, Kalorimetre \u00f6demesi gibi) yaz\u0131n\u0131z. A\u0130DAT \u00d6DEMELER\u0130 HESAP NUMARALARI Hesap [&hellip;]<\/p>\n","protected":false},"author":1,"featured_media":0,"parent":0,"menu_order":0,"comment_status":"closed","ping_status":"closed","template":"","meta":[],"_links":{"self":[{"href":"http:\/\/nishadalar.org\/index.php?rest_route=\/wp\/v2\/pages\/847"}],"collection":[{"href":"http:\/\/nishadalar.org\/index.php?rest_route=\/wp\/v2\/pages"}],"about":[{"href":"http:\/\/nishadalar.org\/index.php?rest_route=\/wp\/v2\/types\/page"}],"author":[{"embeddable":true,"href":"http:\/\/nishadalar.org\/index.php?rest_route=\/wp\/v2\/users\/1"}],"replies":[{"embeddable":true,"href":"http:\/\/nishadalar.org\/index.php?rest_route=%2Fwp%2Fv2%2Fcomments&post=847"}],"version-history":[{"count":4,"href":"http:\/\/nishadalar.org\/index.php?rest_route=\/wp\/v2\/pages\/847\/revisions"}],"predecessor-version":[{"id":1329,"href":"http:\/\/nishadalar.org\/index.php?rest_route=\/wp\/v2\/pages\/847\/revisions\/1329"}],"wp:attachment":[{"href":"http:\/\/nishadalar.org\/index.php?rest_route=%2Fwp%2Fv2%2Fmedia&parent=847"}],"curies":[{"name":"wp","href":"https:\/\/api.w.org\/{rel}","templated":true}]}}