{"id":985,"date":"2018-07-11T12:30:31","date_gmt":"2018-07-11T15:30:31","guid":{"rendered":"http:\/\/nishadalar.org\/?page_id=985"},"modified":"2018-07-11T12:39:37","modified_gmt":"2018-07-11T15:39:37","slug":"temmuz","status":"publish","type":"page","link":"http:\/\/nishadalar.org\/?page_id=985","title":{"rendered":"TEMMUZ"},"content":{"rendered":"<div class=\"flex_column av_one_half  flex_column_div av-zero-column-padding first  \" style='border-radius:0px; '><p><section class=\"av_textblock_section \"  itemscope=\"itemscope\" itemtype=\"https:\/\/schema.org\/CreativeWork\" ><div class='avia_textblock  '   itemprop=\"text\" ><p>Parklar\u0131m\u0131zda bulunan \u00e7ardaklar\u0131n \u00f6ncesi ve sonras\u0131<\/p>\n<\/div><\/section><br \/>\n<div class='avia-image-container  av-styling-    avia-align-center '  itemprop=\"ImageObject\" itemscope=\"itemscope\" itemtype=\"https:\/\/schema.org\/ImageObject\"  ><div class='avia-image-container-inner'><img class='avia_image ' src='http:\/\/nishadalar.org\/wp-content\/uploads\/2018\/07\/\u00e7ardak-1030x680.jpg' alt='' title='\u00e7ardak'   itemprop=\"thumbnailUrl\"  \/><\/div><\/div><\/p><\/div>\n<div class=\"flex_column av_four_fifth  flex_column_div av-zero-column-padding first  \" style='border-radius:0px; '><p><section class=\"av_textblock_section \"  itemscope=\"itemscope\" itemtype=\"https:\/\/schema.org\/CreativeWork\" ><div class='avia_textblock  '   itemprop=\"text\" ><p>Yeni yap\u0131lan sahalar\u0131m\u0131z<\/p>\n<\/div><\/section><br \/>\n<div class='avia-gallery  avia-gallery-1 avia_lazyload avia_animate_when_visible '  itemprop=\"ImageObject\" itemscope=\"itemscope\" itemtype=\"https:\/\/schema.org\/ImageObject\" ><div class='avia-gallery-thumb'> <a href='http:\/\/nishadalar.org\/wp-content\/uploads\/2018\/07\/spor-1-1030x773.jpeg' data-rel='gallery-1' data-prev-img='http:\/\/nishadalar.org\/wp-content\/uploads\/2018\/07\/spor-1-495x400.jpeg' class='first_thumb lightbox ' data-onclick='1' title=''  itemprop=\"thumbnailUrl\" ><img  src='http:\/\/nishadalar.org\/wp-content\/uploads\/2018\/07\/spor-1-495x400.jpeg' width='495' height='400'  title='spor (1)' alt='' \/><\/a> <a href='http:\/\/nishadalar.org\/wp-content\/uploads\/2018\/07\/spor-2-1030x773.jpeg' data-rel='gallery-1' data-prev-img='http:\/\/nishadalar.org\/wp-content\/uploads\/2018\/07\/spor-2-495x400.jpeg' class='lightbox ' data-onclick='2' title=''  itemprop=\"thumbnailUrl\" ><img  src='http:\/\/nishadalar.org\/wp-content\/uploads\/2018\/07\/spor-2-495x400.jpeg' width='495' height='400'  title='spor (2)' alt='' \/><\/a> <a href='http:\/\/nishadalar.org\/wp-content\/uploads\/2018\/07\/spor-3-1030x773.jpeg' data-rel='gallery-1' data-prev-img='http:\/\/nishadalar.org\/wp-content\/uploads\/2018\/07\/spor-3-495x400.jpeg' class='lightbox ' data-onclick='3' title=''  itemprop=\"thumbnailUrl\" ><img  src='http:\/\/nishadalar.org\/wp-content\/uploads\/2018\/07\/spor-3-495x400.jpeg' width='495' height='400'  title='spor (3)' alt='' \/><\/a> <a href='http:\/\/nishadalar.org\/wp-content\/uploads\/2018\/07\/spor-4-1030x773.jpeg' data-rel='gallery-1' data-prev-img='http:\/\/nishadalar.org\/wp-content\/uploads\/2018\/07\/spor-4-495x400.jpeg' class='lightbox ' data-onclick='4' title=''  itemprop=\"thumbnailUrl\" ><img  src='http:\/\/nishadalar.org\/wp-content\/uploads\/2018\/07\/spor-4-495x400.jpeg' width='495' height='400'  title='spor (4)' alt='' \/><\/a> <a href='http:\/\/nishadalar.org\/wp-content\/uploads\/2018\/07\/spor-5-1030x773.jpeg' data-rel='gallery-1' data-prev-img='http:\/\/nishadalar.org\/wp-content\/uploads\/2018\/07\/spor-5-495x400.jpeg' class='lightbox ' data-onclick='5' title=''  itemprop=\"thumbnailUrl\" ><img  src='http:\/\/nishadalar.org\/wp-content\/uploads\/2018\/07\/spor-5-495x400.jpeg' width='495' height='400'  title='spor (5)' alt='' \/><\/a><\/div><\/div><\/p><\/div>\n","protected":false},"excerpt":{"rendered":"","protected":false},"author":1,"featured_media":0,"parent":0,"menu_order":0,"comment_status":"closed","ping_status":"closed","template":"","meta":[],"_links":{"self":[{"href":"http:\/\/nishadalar.org\/index.php?rest_route=\/wp\/v2\/pages\/985"}],"collection":[{"href":"http:\/\/nishadalar.org\/index.php?rest_route=\/wp\/v2\/pages"}],"about":[{"href":"http:\/\/nishadalar.org\/index.php?rest_route=\/wp\/v2\/types\/page"}],"author":[{"embeddable":true,"href":"http:\/\/nishadalar.org\/index.php?rest_route=\/wp\/v2\/users\/1"}],"replies":[{"embeddable":true,"href":"http:\/\/nishadalar.org\/index.php?rest_route=%2Fwp%2Fv2%2Fcomments&post=985"}],"version-history":[{"count":8,"href":"http:\/\/nishadalar.org\/index.php?rest_route=\/wp\/v2\/pages\/985\/revisions"}],"predecessor-version":[{"id":1001,"href":"http:\/\/nishadalar.org\/index.php?rest_route=\/wp\/v2\/pages\/985\/revisions\/1001"}],"wp:attachment":[{"href":"http:\/\/nishadalar.org\/index.php?rest_route=%2Fwp%2Fv2%2Fmedia&parent=985"}],"curies":[{"name":"wp","href":"https:\/\/api.w.org\/{rel}","templated":true}]}}